{"id":132,"date":"2021-04-15T14:20:50","date_gmt":"2021-04-15T12:20:50","guid":{"rendered":"https:\/\/teledis.pl\/?page_id=132"},"modified":"2025-02-24T21:27:28","modified_gmt":"2025-02-24T20:27:28","slug":"about","status":"publish","type":"page","link":"https:\/\/teledis.pl\/?page_id=132","title":{"rendered":"Uczestnicy"},"content":{"rendered":"\n<p><strong>Grupa operacyjna TELEDIS zosta\u0142a zawi\u0105zana dla zrealizowania&nbsp; operacji pt. \u201eZastosowanie bliskiej teledetekcji i sztucznych sieci neuronowych (SSN) w diagnostyce i ocenie zdrowotno\u015bci plantacji wybranych odmian w gatunkach zb\u00f3\u017c \u2013 pszenicy i pszen\u017cycie\u201d Operacja ta wsp\u00f3\u0142finansowana jest ze \u015brodk\u00f3w Unii Europejskiej w ramach dzia\u0142ania&nbsp; 16 \u201eWsp\u00f3\u0142praca\u201d&nbsp; Programu Rozwoju Obszar\u00f3w Wiejskich na lata 2014 \u2013 2020. Jej celem jest opracowanie i wdro\u017cenie innowacyjnej technologii do wykrywania i identyfikacji&nbsp; chor\u00f3b ro\u015blin zbo\u017cowych\u201d<\/strong>.<strong> Termin realizacji operacji: 01.03.2021 \u2013 31.12.2022.<\/strong><\/p>\n\n\n\n<figure class=\"wp-block-image size-medium\"><img loading=\"lazy\" decoding=\"async\" width=\"201\" height=\"300\" src=\"https:\/\/teledis.pl\/wp-content\/uploads\/2022\/11\/IMG_1075-201x300.jpg\" alt=\"\" class=\"wp-image-296\" srcset=\"https:\/\/teledis.pl\/wp-content\/uploads\/2022\/11\/IMG_1075-201x300.jpg 201w, https:\/\/teledis.pl\/wp-content\/uploads\/2022\/11\/IMG_1075-687x1024.jpg 687w, https:\/\/teledis.pl\/wp-content\/uploads\/2022\/11\/IMG_1075-768x1144.jpg 768w, https:\/\/teledis.pl\/wp-content\/uploads\/2022\/11\/IMG_1075-1031x1536.jpg 1031w, https:\/\/teledis.pl\/wp-content\/uploads\/2022\/11\/IMG_1075-1374x2048.jpg 1374w, https:\/\/teledis.pl\/wp-content\/uploads\/2022\/11\/IMG_1075-720x1073.jpg 720w, https:\/\/teledis.pl\/wp-content\/uploads\/2022\/11\/IMG_1075-scaled.jpg 1718w\" sizes=\"auto, (max-width: 201px) 100vw, 201px\" \/><\/figure>\n\n\n\n<p>Kerownik naukowy projektu Teledis<\/p>\n\n\n\n<p>Profesor dr hab. Magdalena Szechy\u0144ska-Hebda<\/p>\n\n\n\n<p><\/p>\n\n\n\n<figure class=\"wp-block-image size-large is-resized\"><img loading=\"lazy\" decoding=\"async\" width=\"199\" height=\"253\" src=\"https:\/\/teledis.pl\/wp-content\/uploads\/2021\/06\/profArseniuk.jpg\" alt=\"\" class=\"wp-image-231\" style=\"width:204px;height:259px\"\/><\/figure>\n\n\n\n<ul class=\"wp-block-list\">\n<li><\/li>\n<\/ul>\n\n\n\n<p>Kierownik naukowy projektu Teledis w roku 2021<\/p>\n\n\n\n<p>Profesor dr hab. Edward Arseniuk<\/p>\n\n\n\n<p><strong>Grup\u0119 Teledis tworz\u0105 nast\u0119puj\u0105ce podmioty:<\/strong><\/p>\n\n\n\n<p>1. Centrum Doradztwa Rolniczego ul. Pszczeli\u0144ska 99, 05-840 Brwin\u00f3w<\/p>\n\n\n\n<p>2.Instytut Hodowli i Aklimatyzacji Ro\u015blin PIB, Radzik\u00f3w, 05-870 B\u0142onie<\/p>\n\n\n\n<p>3. ACTUARO Sp. z o.o. ul. Z\u0142ota 7 lok. 1; 00-019 Warszawa (wcze\u015bniej Relayonit Sp. z o.o.)<\/p>\n\n\n\n<p>4 .\u0141\u00f3dzkim O\u015brodkiem Doradztwa Rolniczego<br>ul. Nowo\u015bci 32, 95-011 Bratoszewice<\/p>\n\n\n\n<p>5.\u015awi\u0119tokrzyskim O\u015brodkiem Doradztwa Rolniczego z siedzib\u0105 w Modliszewicach,<br>ul. Piotrkowska 30, 26-200 Ko\u0144skie<\/p>\n\n\n\n<p>6..Marianem Hadrianem prowadz\u0105cym gospodarstwo rolne<br>Kobierzycko 50\/1, 98-285 Wr\u00f3blew<\/p>\n\n\n\n<p>7.Romanem \u017byci\u0144skim prowadz\u0105cym gospodarstwo rolne<br>Mirogonowice 6, 27- 425 Wa\u015bni\u00f3w<\/p>\n\n\n\n<p>Grupa operacyjna Teledis b\u0119dzie wsp\u00f3\u0142pracowa\u0107 ze sob\u0105 &nbsp;na podstawie zawartej &nbsp;umowy konsorcjum, kt\u00f3rej liderem jest <strong>Centrum Doradztwa Rolniczego<\/strong> z siedzib\u0105 w Brwinowie.<\/p>\n","protected":false},"excerpt":{"rendered":"<p>Grupa operacyjna TELEDIS zosta\u0142a zawi\u0105zana dla zrealizowania&nbsp; operacji pt. \u201eZastosowanie bliskiej teledetekcji i sztucznych sieci neuronowych (SSN) w diagnostyce i ocenie zdrowotno\u015bci plantacji wybranych odmian w gatunkach zb\u00f3\u017c \u2013 pszenicy i pszen\u017cycie\u201d Operacja ta wsp\u00f3\u0142finansowana jest ze \u015brodk\u00f3w Unii Europejskiej w ramach dzia\u0142ania&nbsp; 16 \u201eWsp\u00f3\u0142praca\u201d&nbsp; Programu Rozwoju Obszar\u00f3w Wiejskich na lata 2014 \u2013 2020. Jej&#46;&#46;&#46;<\/p>\n","protected":false},"author":1,"featured_media":0,"parent":0,"menu_order":0,"comment_status":"closed","ping_status":"closed","template":"","meta":{"footnotes":""},"class_list":["post-132","page","type-page","status-publish","hentry"],"yoast_head":"<!-- This site is optimized with the Yoast SEO plugin v16.1.1 - https:\/\/yoast.com\/wordpress\/plugins\/seo\/ -->\n<title>Uczestnicy - Projekt Teledis<\/title>\n<link rel=\"canonical\" href=\"https:\/\/teledis.pl\/?page_id=132\" \/>\n<meta property=\"og:locale\" content=\"en_US\" \/>\n<meta property=\"og:type\" content=\"article\" \/>\n<meta property=\"og:title\" content=\"Uczestnicy - Projekt Teledis\" \/>\n<meta property=\"og:description\" content=\"Grupa operacyjna TELEDIS zosta\u0142a zawi\u0105zana dla zrealizowania&nbsp; operacji pt. \u201eZastosowanie bliskiej teledetekcji i sztucznych sieci neuronowych (SSN) w diagnostyce i ocenie zdrowotno\u015bci plantacji wybranych odmian w gatunkach zb\u00f3\u017c \u2013 pszenicy i pszen\u017cycie\u201d Operacja ta wsp\u00f3\u0142finansowana jest ze \u015brodk\u00f3w Unii Europejskiej w ramach dzia\u0142ania&nbsp; 16 \u201eWsp\u00f3\u0142praca\u201d&nbsp; Programu Rozwoju Obszar\u00f3w Wiejskich na lata 2014 \u2013 2020. Jej&#046;&#046;&#046;\" \/>\n<meta property=\"og:url\" content=\"https:\/\/teledis.pl\/?page_id=132\" \/>\n<meta property=\"og:site_name\" content=\"Projekt Teledis\" \/>\n<meta property=\"article:modified_time\" content=\"2025-02-24T20:27:28+00:00\" \/>\n<meta property=\"og:image\" content=\"https:\/\/teledis.pl\/wp-content\/uploads\/2022\/11\/IMG_1075-201x300.jpg\" \/>\n<meta name=\"twitter:card\" content=\"summary_large_image\" \/>\n<meta name=\"twitter:label1\" content=\"Est. reading time\">\n\t<meta name=\"twitter:data1\" content=\"2 minutes\">\n<script type=\"application\/ld+json\" class=\"yoast-schema-graph\">{\"@context\":\"https:\/\/schema.org\",\"@graph\":[{\"@type\":\"WebSite\",\"@id\":\"https:\/\/teledis.pl\/#website\",\"url\":\"https:\/\/teledis.pl\/\",\"name\":\"Projekt Teledis\",\"description\":\"Informacje o projekcie Teledis\",\"potentialAction\":[{\"@type\":\"SearchAction\",\"target\":\"https:\/\/teledis.pl\/?s={search_term_string}\",\"query-input\":\"required name=search_term_string\"}],\"inLanguage\":\"en-US\"},{\"@type\":\"ImageObject\",\"@id\":\"https:\/\/teledis.pl\/?page_id=132#primaryimage\",\"inLanguage\":\"en-US\",\"url\":\"https:\/\/teledis.pl\/wp-content\/uploads\/2022\/11\/IMG_1075-scaled.jpg\",\"contentUrl\":\"https:\/\/teledis.pl\/wp-content\/uploads\/2022\/11\/IMG_1075-scaled.jpg\",\"width\":1718,\"height\":2560},{\"@type\":\"WebPage\",\"@id\":\"https:\/\/teledis.pl\/?page_id=132#webpage\",\"url\":\"https:\/\/teledis.pl\/?page_id=132\",\"name\":\"Uczestnicy - Projekt Teledis\",\"isPartOf\":{\"@id\":\"https:\/\/teledis.pl\/#website\"},\"primaryImageOfPage\":{\"@id\":\"https:\/\/teledis.pl\/?page_id=132#primaryimage\"},\"datePublished\":\"2021-04-15T12:20:50+00:00\",\"dateModified\":\"2025-02-24T20:27:28+00:00\",\"breadcrumb\":{\"@id\":\"https:\/\/teledis.pl\/?page_id=132#breadcrumb\"},\"inLanguage\":\"en-US\",\"potentialAction\":[{\"@type\":\"ReadAction\",\"target\":[\"https:\/\/teledis.pl\/?page_id=132\"]}]},{\"@type\":\"BreadcrumbList\",\"@id\":\"https:\/\/teledis.pl\/?page_id=132#breadcrumb\",\"itemListElement\":[{\"@type\":\"ListItem\",\"position\":1,\"item\":{\"@type\":\"WebPage\",\"@id\":\"https:\/\/teledis.pl\/\",\"url\":\"https:\/\/teledis.pl\/\",\"name\":\"Home\"}},{\"@type\":\"ListItem\",\"position\":2,\"item\":{\"@type\":\"WebPage\",\"@id\":\"https:\/\/teledis.pl\/?page_id=132\",\"url\":\"https:\/\/teledis.pl\/?page_id=132\",\"name\":\"Uczestnicy\"}}]}]}<\/script>\n<!-- \/ Yoast SEO plugin. -->","_links":{"self":[{"href":"https:\/\/teledis.pl\/index.php?rest_route=\/wp\/v2\/pages\/132","targetHints":{"allow":["GET"]}}],"collection":[{"href":"https:\/\/teledis.pl\/index.php?rest_route=\/wp\/v2\/pages"}],"about":[{"href":"https:\/\/teledis.pl\/index.php?rest_route=\/wp\/v2\/types\/page"}],"author":[{"embeddable":true,"href":"https:\/\/teledis.pl\/index.php?rest_route=\/wp\/v2\/users\/1"}],"replies":[{"embeddable":true,"href":"https:\/\/teledis.pl\/index.php?rest_route=%2Fwp%2Fv2%2Fcomments&post=132"}],"version-history":[{"count":10,"href":"https:\/\/teledis.pl\/index.php?rest_route=\/wp\/v2\/pages\/132\/revisions"}],"predecessor-version":[{"id":337,"href":"https:\/\/teledis.pl\/index.php?rest_route=\/wp\/v2\/pages\/132\/revisions\/337"}],"wp:attachment":[{"href":"https:\/\/teledis.pl\/index.php?rest_route=%2Fwp%2Fv2%2Fmedia&parent=132"}],"curies":[{"name":"wp","href":"https:\/\/api.w.org\/{rel}","templated":true}]}}