{"id":174,"date":"2021-05-05T16:36:05","date_gmt":"2021-05-05T14:36:05","guid":{"rendered":"https:\/\/teledis.pl\/?page_id=174"},"modified":"2021-05-05T16:41:24","modified_gmt":"2021-05-05T14:41:24","slug":"projekt-teledis","status":"publish","type":"page","link":"https:\/\/teledis.pl\/","title":{"rendered":"Projekt Teledis"},"content":{"rendered":"\n<p class=\"has-text-align-center\">&nbsp;<strong>\u201eEuropejski Fundusz Rolny na rzecz Rozwoju Obszar\u00f3w &nbsp;Wiejskich: Europa inwestuj\u0105ca w obszary wiejskie\u201d<\/strong><\/p>\n\n\n\n<p>Operacja maj\u0105ca na celu: <strong>\u201eZastosowanie bliskiej teledetekcji i sztucznych sieci neuronowych (SSN) w diagnostyce i ocenie zdrowotno\u015bci plantacji wybranych odmian w gatunkach zb\u00f3\u017c \u2013 pszenicy i pszen\u017cycie\u201d <\/strong>wsp\u00f3\u0142finansowana jest ze \u015brodk\u00f3w Unii Europejskiej w ramach dzia\u0142ania&nbsp; 16 \u201eWsp\u00f3\u0142praca\u201d Programu Rozwoju Obszar\u00f3w Wiejskich na lata 2014 \u2013 2020.Przewidywane wyniki operacji<strong>: \u201e Opracowanie i wdro\u017cenie innowacyjnej technologii do wykrywania i identyfikacji&nbsp; chor\u00f3b ro\u015blin zbo\u017cowych\u201d<\/strong><\/p>\n\n\n\n<div class=\"wp-block-columns is-layout-flex wp-container-core-columns-is-layout-9d6595d7 wp-block-columns-is-layout-flex\">\n<div class=\"wp-block-column is-layout-flow wp-block-column-is-layout-flow\">\n<figure class=\"wp-block-image size-large\"><img loading=\"lazy\" decoding=\"async\" width=\"600\" height=\"401\" src=\"https:\/\/teledis.pl\/wp-content\/uploads\/2021\/05\/flag_yellow_low.jpg\" alt=\"\" class=\"wp-image-175\" srcset=\"https:\/\/teledis.pl\/wp-content\/uploads\/2021\/05\/flag_yellow_low.jpg 600w, https:\/\/teledis.pl\/wp-content\/uploads\/2021\/05\/flag_yellow_low-300x201.jpg 300w\" sizes=\"auto, (max-width: 600px) 100vw, 600px\" \/><\/figure>\n<\/div>\n\n\n\n<div class=\"wp-block-column is-layout-flow wp-block-column-is-layout-flow\">\n<figure class=\"wp-block-image size-large\"><img loading=\"lazy\" decoding=\"async\" width=\"1024\" height=\"670\" src=\"https:\/\/teledis.pl\/wp-content\/uploads\/2021\/05\/PROW-2014-2020-logo-kolor-1024x670.jpg\" alt=\"\" class=\"wp-image-176\" srcset=\"https:\/\/teledis.pl\/wp-content\/uploads\/2021\/05\/PROW-2014-2020-logo-kolor-1024x670.jpg 1024w, https:\/\/teledis.pl\/wp-content\/uploads\/2021\/05\/PROW-2014-2020-logo-kolor-300x196.jpg 300w, https:\/\/teledis.pl\/wp-content\/uploads\/2021\/05\/PROW-2014-2020-logo-kolor-768x503.jpg 768w, https:\/\/teledis.pl\/wp-content\/uploads\/2021\/05\/PROW-2014-2020-logo-kolor.jpg 1059w\" sizes=\"auto, (max-width: 1024px) 100vw, 1024px\" \/><\/figure>\n<\/div>\n<\/div>\n","protected":false},"excerpt":{"rendered":"<p>&nbsp;\u201eEuropejski Fundusz Rolny na rzecz Rozwoju Obszar\u00f3w &nbsp;Wiejskich: Europa inwestuj\u0105ca w obszary wiejskie\u201d Operacja maj\u0105ca na celu: \u201eZastosowanie bliskiej teledetekcji i sztucznych sieci neuronowych (SSN) w diagnostyce i ocenie zdrowotno\u015bci plantacji wybranych odmian w gatunkach zb\u00f3\u017c \u2013 pszenicy i pszen\u017cycie\u201d wsp\u00f3\u0142finansowana jest ze \u015brodk\u00f3w Unii Europejskiej w ramach dzia\u0142ania&nbsp; 16 \u201eWsp\u00f3\u0142praca\u201d Programu Rozwoju Obszar\u00f3w Wiejskich&#46;&#46;&#46;<\/p>\n","protected":false},"author":1,"featured_media":0,"parent":0,"menu_order":0,"comment_status":"closed","ping_status":"closed","template":"","meta":{"footnotes":""},"class_list":["post-174","page","type-page","status-publish","hentry"],"yoast_head":"<!-- This site is optimized with the Yoast SEO plugin v16.1.1 - https:\/\/yoast.com\/wordpress\/plugins\/seo\/ -->\n<title>Projekt Teledis - Projekt Teledis<\/title>\n<link rel=\"canonical\" href=\"https:\/\/teledis.pl\/\" \/>\n<meta property=\"og:locale\" content=\"en_US\" \/>\n<meta property=\"og:type\" content=\"article\" \/>\n<meta property=\"og:title\" content=\"Projekt Teledis - Projekt Teledis\" \/>\n<meta property=\"og:description\" content=\"&nbsp;\u201eEuropejski Fundusz Rolny na rzecz Rozwoju Obszar\u00f3w &nbsp;Wiejskich: Europa inwestuj\u0105ca w obszary wiejskie\u201d Operacja maj\u0105ca na celu: \u201eZastosowanie bliskiej teledetekcji i sztucznych sieci neuronowych (SSN) w diagnostyce i ocenie zdrowotno\u015bci plantacji wybranych odmian w gatunkach zb\u00f3\u017c \u2013 pszenicy i pszen\u017cycie\u201d wsp\u00f3\u0142finansowana jest ze \u015brodk\u00f3w Unii Europejskiej w ramach dzia\u0142ania&nbsp; 16 \u201eWsp\u00f3\u0142praca\u201d Programu Rozwoju Obszar\u00f3w Wiejskich&#046;&#046;&#046;\" \/>\n<meta property=\"og:url\" content=\"https:\/\/teledis.pl\/\" \/>\n<meta property=\"og:site_name\" content=\"Projekt Teledis\" \/>\n<meta property=\"article:modified_time\" content=\"2021-05-05T14:41:24+00:00\" \/>\n<meta property=\"og:image\" content=\"https:\/\/teledis.pl\/wp-content\/uploads\/2021\/05\/flag_yellow_low.jpg\" \/>\n<meta name=\"twitter:card\" content=\"summary_large_image\" \/>\n<meta name=\"twitter:label1\" content=\"Est. reading time\">\n\t<meta name=\"twitter:data1\" content=\"1 minute\">\n<script type=\"application\/ld+json\" class=\"yoast-schema-graph\">{\"@context\":\"https:\/\/schema.org\",\"@graph\":[{\"@type\":\"WebSite\",\"@id\":\"https:\/\/teledis.pl\/#website\",\"url\":\"https:\/\/teledis.pl\/\",\"name\":\"Projekt Teledis\",\"description\":\"Informacje o projekcie Teledis\",\"potentialAction\":[{\"@type\":\"SearchAction\",\"target\":\"https:\/\/teledis.pl\/?s={search_term_string}\",\"query-input\":\"required name=search_term_string\"}],\"inLanguage\":\"en-US\"},{\"@type\":\"ImageObject\",\"@id\":\"https:\/\/teledis.pl\/#primaryimage\",\"inLanguage\":\"en-US\",\"url\":\"https:\/\/teledis.pl\/wp-content\/uploads\/2021\/05\/flag_yellow_low.jpg\",\"contentUrl\":\"https:\/\/teledis.pl\/wp-content\/uploads\/2021\/05\/flag_yellow_low.jpg\",\"width\":600,\"height\":401},{\"@type\":\"WebPage\",\"@id\":\"https:\/\/teledis.pl\/#webpage\",\"url\":\"https:\/\/teledis.pl\/\",\"name\":\"Projekt Teledis - Projekt Teledis\",\"isPartOf\":{\"@id\":\"https:\/\/teledis.pl\/#website\"},\"primaryImageOfPage\":{\"@id\":\"https:\/\/teledis.pl\/#primaryimage\"},\"datePublished\":\"2021-05-05T14:36:05+00:00\",\"dateModified\":\"2021-05-05T14:41:24+00:00\",\"breadcrumb\":{\"@id\":\"https:\/\/teledis.pl\/#breadcrumb\"},\"inLanguage\":\"en-US\",\"potentialAction\":[{\"@type\":\"ReadAction\",\"target\":[\"https:\/\/teledis.pl\/\"]}]},{\"@type\":\"BreadcrumbList\",\"@id\":\"https:\/\/teledis.pl\/#breadcrumb\",\"itemListElement\":[{\"@type\":\"ListItem\",\"position\":1,\"item\":{\"@type\":\"WebPage\",\"@id\":\"https:\/\/teledis.pl\/\",\"url\":\"https:\/\/teledis.pl\/\",\"name\":\"Home\"}},{\"@type\":\"ListItem\",\"position\":2,\"item\":{\"@type\":\"WebPage\",\"@id\":\"https:\/\/teledis.pl\/\",\"url\":\"https:\/\/teledis.pl\/\",\"name\":\"Projekt Teledis\"}}]}]}<\/script>\n<!-- \/ Yoast SEO plugin. -->","_links":{"self":[{"href":"https:\/\/teledis.pl\/index.php?rest_route=\/wp\/v2\/pages\/174","targetHints":{"allow":["GET"]}}],"collection":[{"href":"https:\/\/teledis.pl\/index.php?rest_route=\/wp\/v2\/pages"}],"about":[{"href":"https:\/\/teledis.pl\/index.php?rest_route=\/wp\/v2\/types\/page"}],"author":[{"embeddable":true,"href":"https:\/\/teledis.pl\/index.php?rest_route=\/wp\/v2\/users\/1"}],"replies":[{"embeddable":true,"href":"https:\/\/teledis.pl\/index.php?rest_route=%2Fwp%2Fv2%2Fcomments&post=174"}],"version-history":[{"count":2,"href":"https:\/\/teledis.pl\/index.php?rest_route=\/wp\/v2\/pages\/174\/revisions"}],"predecessor-version":[{"id":180,"href":"https:\/\/teledis.pl\/index.php?rest_route=\/wp\/v2\/pages\/174\/revisions\/180"}],"wp:attachment":[{"href":"https:\/\/teledis.pl\/index.php?rest_route=%2Fwp%2Fv2%2Fmedia&parent=174"}],"curies":[{"name":"wp","href":"https:\/\/api.w.org\/{rel}","templated":true}]}}